{"id":1864,"date":"2026-03-11T22:15:41","date_gmt":"2026-03-11T22:15:41","guid":{"rendered":"https:\/\/andysierra.art\/?page_id=1864"},"modified":"2026-03-11T22:17:20","modified_gmt":"2026-03-11T22:17:20","slug":"scriptwriting","status":"publish","type":"page","link":"https:\/\/andysierra.art\/es\/services\/scriptwriting\/","title":{"rendered":"Guiones"},"content":{"rendered":"<div data-elementor-type=\"wp-page\" data-elementor-id=\"1864\" class=\"elementor elementor-1864\">\n\t\t\t\t\t\t<section class=\"elementor-section elementor-top-section elementor-element elementor-element-a6402c6 elementor-section-content-top elementor-section-boxed elementor-section-height-default elementor-section-height-default\" data-id=\"a6402c6\" data-element_type=\"section\" data-e-type=\"section\">\n\t\t\t\t\t\t\t<div class=\"elementor-background-overlay\"><\/div>\n\t\t\t\t\t\t\t<div class=\"elementor-container elementor-column-gap-no\">\n\t\t\t\t\t<div class=\"elementor-column elementor-col-100 elementor-top-column elementor-element elementor-element-a71a920\" data-id=\"a71a920\" data-element_type=\"column\" data-e-type=\"column\">\n\t\t\t<div class=\"elementor-widget-wrap elementor-element-populated\">\n\t\t\t\t\t\t<div class=\"elementor-element elementor-element-272d4a4 elementor-widget elementor-widget-heading\" data-id=\"272d4a4\" data-element_type=\"widget\" data-e-type=\"widget\" data-widget_type=\"heading.default\">\n\t\t\t\t<div class=\"elementor-widget-container\">\n\t\t\t\t\t<h1 class=\"elementor-heading-title elementor-size-default\">Guiones<\/h1>\t\t\t\t<\/div>\n\t\t\t\t<\/div>\n\t\t\t\t<div class=\"elementor-element elementor-element-9d4cc91 elementor-widget elementor-widget-heading\" data-id=\"9d4cc91\" data-element_type=\"widget\" data-e-type=\"widget\" data-widget_type=\"heading.default\">\n\t\t\t\t<div class=\"elementor-widget-container\">\n\t\t\t\t\t<h2 class=\"elementor-heading-title elementor-size-default\">Escritura profesional de guiones<\/h2>\t\t\t\t<\/div>\n\t\t\t\t<\/div>\n\t\t\t\t<div class=\"elementor-element elementor-element-62aec1c elementor-widget-divider--view-line elementor-widget elementor-widget-divider\" data-id=\"62aec1c\" data-element_type=\"widget\" data-e-type=\"widget\" data-widget_type=\"divider.default\">\n\t\t\t\t<div class=\"elementor-widget-container\">\n\t\t\t\t\t\t\t<div class=\"elementor-divider\">\n\t\t\t<span class=\"elementor-divider-separator\">\n\t\t\t\t\t\t<\/span>\n\t\t<\/div>\n\t\t\t\t\t\t<\/div>\n\t\t\t\t<\/div>\n\t\t\t\t\t<\/div>\n\t\t<\/div>\n\t\t\t\t\t<\/div>\n\t\t<\/section>\n\t\t<div class=\"elementor-element elementor-element-328c1a2 e-flex e-con-boxed e-con e-parent\" data-id=\"328c1a2\" data-element_type=\"container\" data-e-type=\"container\">\n\t\t\t\t\t<div class=\"e-con-inner\">\n\t\t\t\t<div class=\"elementor-element elementor-element-9b728f3 elementor-widget elementor-widget-text-editor\" data-id=\"9b728f3\" data-element_type=\"widget\" data-e-type=\"widget\" data-widget_type=\"text-editor.default\">\n\t\t\t\t<div class=\"elementor-widget-container\">\n\t\t\t\t\t\t\t\t\t<p data-start=\"7087\" data-end=\"7197\">Algunos proyectos requieren un guionista profesional que transforme una idea o concepto en un gui\u00f3n totalmente desarrollado.<\/p><p data-start=\"7199\" data-end=\"7361\">Ofrezco servicios de guionista y ghostwriting para proyectos seleccionados, colaborando con creadores, productores o empresas para desarrollar historias cinematogr\u00e1ficas originales.<\/p><p data-start=\"7363\" data-end=\"7466\">Cada proyecto es diferente, por lo que el proceso comienza con un <strong data-start=\"7419\" data-end=\"7448\">reuni\u00f3n introductoria gratuita<\/strong> donde discutimos:<\/p><ul data-start=\"7468\" data-end=\"7591\"><li data-section-id=\"16grk2c\" data-start=\"7468\" data-end=\"7498\"><p data-start=\"7470\" data-end=\"7498\">El concepto del proyecto<\/p><\/li><li data-section-id=\"au64kq\" data-start=\"7499\" data-end=\"7524\"><p data-start=\"7501\" data-end=\"7524\">Alcance del trabajo<\/p><\/li><li data-section-id=\"o5ks4p\" data-start=\"7525\" data-end=\"7554\"><p data-start=\"7527\" data-end=\"7554\">Expectativas y calendario<\/p><\/li><li data-section-id=\"1q72h8u\" data-start=\"7555\" data-end=\"7591\"><p data-start=\"7557\" data-end=\"7591\">El proceso de colaboraci\u00f3n creativa<\/p><\/li><\/ul><p data-start=\"7593\" data-end=\"7706\">Tras esta conversaci\u00f3n, le proporcionar\u00e9 una propuesta en la que se esbozar\u00e1 el proceso de desarrollo y un presupuesto para el proyecto.<\/p><p data-start=\"7708\" data-end=\"7888\">Este servicio est\u00e1 dise\u00f1ado para proyectos que requieren un guionista profesional capaz de desarrollar una historia desde el concepto hasta el gui\u00f3n, manteniendo al mismo tiempo una s\u00f3lida visi\u00f3n cinematogr\u00e1fica.<\/p><h5 data-start=\"2456\" data-end=\"2469\"><strong data-start=\"2456\" data-end=\"2469\">Ideal para<\/strong><\/h5><ul><li data-section-id=\"117w8ca\" data-start=\"7905\" data-end=\"7943\"><p data-start=\"7907\" data-end=\"7943\">Productores que desarrollan proyectos cinematogr\u00e1ficos<\/p><\/li><li data-section-id=\"1m6ahcq\" data-start=\"7944\" data-end=\"8008\"><p data-start=\"7946\" data-end=\"8008\">Creadores con conceptos s\u00f3lidos que necesitan un escritor profesional<\/p><\/li><li data-section-id=\"1ecoxom\" data-start=\"8009\" data-end=\"8072\"><p data-start=\"8011\" data-end=\"8072\">Empresas o particulares que desarrollan historias originales para el cine<\/p><\/li><\/ul>\t\t\t\t\t\t\t\t<\/div>\n\t\t\t\t<\/div>\n\t\t\t\t\t<\/div>\n\t\t\t\t<\/div>\n\t\t<div class=\"elementor-element elementor-element-3f33078 e-flex e-con-boxed e-con e-parent\" data-id=\"3f33078\" data-element_type=\"container\" data-e-type=\"container\">\n\t\t\t\t\t<div class=\"e-con-inner\">\n\t\t\t\t<div class=\"elementor-element elementor-element-f1fcf1f elementor-widget elementor-widget-heading\" data-id=\"f1fcf1f\" data-element_type=\"widget\" data-e-type=\"widget\" data-widget_type=\"heading.default\">\n\t\t\t\t<div class=\"elementor-widget-container\">\n\t\t\t\t\t<h3 class=\"elementor-heading-title elementor-size-default\">Presupuesto personalizado<\/h3>\t\t\t\t<\/div>\n\t\t\t\t<\/div>\n\t\t\t\t\t<\/div>\n\t\t\t\t<\/div>\n\t\t<div class=\"elementor-element elementor-element-56f5f0b e-flex e-con-boxed e-con e-parent\" data-id=\"56f5f0b\" data-element_type=\"container\" data-e-type=\"container\">\n\t\t\t\t\t<div class=\"e-con-inner\">\n\t\t\t\t<div class=\"elementor-element elementor-element-0106441 elementor-widget elementor-widget-text-editor\" data-id=\"0106441\" data-element_type=\"widget\" data-e-type=\"widget\" data-widget_type=\"text-editor.default\">\n\t\t\t\t<div class=\"elementor-widget-container\">\n\t\t\t\t\t\t\t\t\t<h4 data-start=\"3761\" data-end=\"3897\"><u><a href=\"https:\/\/andysierra.art\/es\/contact-3\/\">Contacto A<\/a>ndy<\/u> para hablar de su proyecto, responder a sus preguntas y obtener su presupuesto personalizado.<\/h4>\t\t\t\t\t\t\t\t<\/div>\n\t\t\t\t<\/div>\n\t\t\t\t\t<\/div>\n\t\t\t\t<\/div>\n\t\t\t\t<\/div>","protected":false},"excerpt":{"rendered":"<p>Scriptwriting Professional screenplay writing Some projects require a professional writer to transform an idea or concept into a fully developed screenplay. I offer scriptwriting and ghostwriting services for selected projects, collaborating with creators, producers, or companies to develop original cinematic stories. Each project is different, so the process begins with a free introductory meeting where &hellip;<\/p>\n<p class=\"read-more\"> <a class=\"\" href=\"https:\/\/andysierra.art\/es\/services\/scriptwriting\/\"> <span class=\"screen-reader-text\">Guiones<\/span> Leer m\u00e1s \u00bb<\/a><\/p>","protected":false},"author":1,"featured_media":0,"parent":12,"menu_order":0,"comment_status":"closed","ping_status":"closed","template":"","meta":{"site-sidebar-layout":"no-sidebar","site-content-layout":"page-builder","ast-global-header-display":"","ast-main-header-display":"","ast-hfb-above-header-display":"","ast-hfb-below-header-display":"","ast-hfb-mobile-header-display":"","site-post-title":"disabled","ast-breadcrumbs-content":"disabled","ast-featured-img":"disabled","footer-sml-layout":"","theme-transparent-header-meta":"enabled","adv-header-id-meta":"","stick-header-meta":"","header-above-stick-meta":"","header-main-stick-meta":"","header-below-stick-meta":"","footnotes":""},"class_list":["post-1864","page","type-page","status-publish","hentry"],"_links":{"self":[{"href":"https:\/\/andysierra.art\/es\/wp-json\/wp\/v2\/pages\/1864","targetHints":{"allow":["GET"]}}],"collection":[{"href":"https:\/\/andysierra.art\/es\/wp-json\/wp\/v2\/pages"}],"about":[{"href":"https:\/\/andysierra.art\/es\/wp-json\/wp\/v2\/types\/page"}],"author":[{"embeddable":true,"href":"https:\/\/andysierra.art\/es\/wp-json\/wp\/v2\/users\/1"}],"replies":[{"embeddable":true,"href":"https:\/\/andysierra.art\/es\/wp-json\/wp\/v2\/comments?post=1864"}],"version-history":[{"count":4,"href":"https:\/\/andysierra.art\/es\/wp-json\/wp\/v2\/pages\/1864\/revisions"}],"predecessor-version":[{"id":1868,"href":"https:\/\/andysierra.art\/es\/wp-json\/wp\/v2\/pages\/1864\/revisions\/1868"}],"up":[{"embeddable":true,"href":"https:\/\/andysierra.art\/es\/wp-json\/wp\/v2\/pages\/12"}],"wp:attachment":[{"href":"https:\/\/andysierra.art\/es\/wp-json\/wp\/v2\/media?parent=1864"}],"curies":[{"name":"wp","href":"https:\/\/api.w.org\/{rel}","templated":true}]}}