{"id":887,"date":"2025-03-11T19:11:05","date_gmt":"2025-03-11T19:11:05","guid":{"rendered":"https:\/\/andysierra.art\/about-2\/"},"modified":"2026-03-20T15:04:47","modified_gmt":"2026-03-20T15:04:47","slug":"about","status":"publish","type":"page","link":"https:\/\/andysierra.art\/es\/about\/","title":{"rendered":"Sobre Andy"},"content":{"rendered":"<div data-elementor-type=\"wp-page\" data-elementor-id=\"887\" class=\"elementor elementor-887\">\n\t\t\t\t\t\t<section class=\"elementor-section elementor-top-section elementor-element elementor-element-bed044d elementor-section-content-top elementor-section-boxed elementor-section-height-default elementor-section-height-default\" data-id=\"bed044d\" data-element_type=\"section\" data-e-type=\"section\">\n\t\t\t\t\t\t\t<div class=\"elementor-background-overlay\"><\/div>\n\t\t\t\t\t\t\t<div class=\"elementor-container elementor-column-gap-no\">\n\t\t\t\t\t<div class=\"elementor-column elementor-col-100 elementor-top-column elementor-element elementor-element-5ce79ce\" data-id=\"5ce79ce\" data-element_type=\"column\" data-e-type=\"column\">\n\t\t\t<div class=\"elementor-widget-wrap elementor-element-populated\">\n\t\t\t\t\t\t<div class=\"elementor-element elementor-element-63d7130 elementor-widget elementor-widget-heading\" data-id=\"63d7130\" data-element_type=\"widget\" data-e-type=\"widget\" data-widget_type=\"heading.default\">\n\t\t\t\t<div class=\"elementor-widget-container\">\n\t\t\t\t\t<h1 class=\"elementor-heading-title elementor-size-default\">Sobre Andy Sierra<\/h1>\t\t\t\t<\/div>\n\t\t\t\t<\/div>\n\t\t\t\t<div class=\"elementor-element elementor-element-88fda56 elementor-widget-divider--view-line elementor-widget elementor-widget-divider\" data-id=\"88fda56\" data-element_type=\"widget\" data-e-type=\"widget\" data-widget_type=\"divider.default\">\n\t\t\t\t<div class=\"elementor-widget-container\">\n\t\t\t\t\t\t\t<div class=\"elementor-divider\">\n\t\t\t<span class=\"elementor-divider-separator\">\n\t\t\t\t\t\t<\/span>\n\t\t<\/div>\n\t\t\t\t\t\t<\/div>\n\t\t\t\t<\/div>\n\t\t\t\t\t<\/div>\n\t\t<\/div>\n\t\t\t\t\t<\/div>\n\t\t<\/section>\n\t\t\t\t<section class=\"elementor-section elementor-top-section elementor-element elementor-element-3c32f4f elementor-section-full_width elementor-section-height-default elementor-section-height-default\" data-id=\"3c32f4f\" data-element_type=\"section\" data-e-type=\"section\">\n\t\t\t\t\t\t<div class=\"elementor-container elementor-column-gap-no\">\n\t\t\t\t\t<div class=\"elementor-column elementor-col-100 elementor-top-column elementor-element elementor-element-daafe35\" data-id=\"daafe35\" data-element_type=\"column\" data-e-type=\"column\">\n\t\t\t<div class=\"elementor-widget-wrap elementor-element-populated\">\n\t\t\t\t\t\t<section class=\"elementor-section elementor-inner-section elementor-element elementor-element-175c2b6 elementor-section-full_width elementor-section-height-default elementor-section-height-default\" data-id=\"175c2b6\" data-element_type=\"section\" data-e-type=\"section\">\n\t\t\t\t\t\t<div class=\"elementor-container elementor-column-gap-no\">\n\t\t\t\t\t<div class=\"elementor-column elementor-col-25 elementor-inner-column elementor-element elementor-element-012c31c\" data-id=\"012c31c\" data-element_type=\"column\" data-e-type=\"column\">\n\t\t\t<div class=\"elementor-widget-wrap elementor-element-populated\">\n\t\t\t\t\t\t<div class=\"elementor-element elementor-element-cd2935b elementor-widget elementor-widget-heading\" data-id=\"cd2935b\" data-element_type=\"widget\" data-e-type=\"widget\" data-widget_type=\"heading.default\">\n\t\t\t\t<div class=\"elementor-widget-container\">\n\t\t\t\t\t<h6 class=\"elementor-heading-title elementor-size-default\">Fondo<\/h6>\t\t\t\t<\/div>\n\t\t\t\t<\/div>\n\t\t\t\t\t<\/div>\n\t\t<\/div>\n\t\t\t\t<div class=\"elementor-column elementor-col-25 elementor-inner-column elementor-element elementor-element-d607043\" data-id=\"d607043\" data-element_type=\"column\" data-e-type=\"column\">\n\t\t\t<div class=\"elementor-widget-wrap elementor-element-populated\">\n\t\t\t\t\t\t<div class=\"elementor-element elementor-element-6f976c7 elementor-widget elementor-widget-image\" data-id=\"6f976c7\" data-element_type=\"widget\" data-e-type=\"widget\" data-widget_type=\"image.default\">\n\t\t\t\t<div class=\"elementor-widget-container\">\n\t\t\t\t\t\t\t\t\t\t\t\t\t\t\t<img fetchpriority=\"high\" decoding=\"async\" width=\"768\" height=\"598\" src=\"https:\/\/andysierra.art\/wp-content\/uploads\/2026\/03\/AS1-2.jpg\" class=\"attachment-medium_large size-medium_large wp-image-1966\" alt=\"\" srcset=\"https:\/\/andysierra.art\/wp-content\/uploads\/2026\/03\/AS1-2.jpg 1853w, https:\/\/andysierra.art\/wp-content\/uploads\/2026\/03\/AS1-2-300x233.jpg 300w, https:\/\/andysierra.art\/wp-content\/uploads\/2026\/03\/AS1-2-1024x797.jpg 1024w\" sizes=\"(max-width: 768px) 100vw, 768px\" \/>\t\t\t\t\t\t\t\t\t\t\t\t\t\t\t<\/div>\n\t\t\t\t<\/div>\n\t\t\t\t\t<\/div>\n\t\t<\/div>\n\t\t\t\t<div class=\"elementor-column elementor-col-50 elementor-inner-column elementor-element elementor-element-c7385ee\" data-id=\"c7385ee\" data-element_type=\"column\" data-e-type=\"column\">\n\t\t\t<div class=\"elementor-widget-wrap elementor-element-populated\">\n\t\t\t\t\t\t<div class=\"elementor-element elementor-element-c0e7665 elementor-widget elementor-widget-heading\" data-id=\"c0e7665\" data-element_type=\"widget\" data-e-type=\"widget\" data-widget_type=\"heading.default\">\n\t\t\t\t<div class=\"elementor-widget-container\">\n\t\t\t\t\t<h2 class=\"elementor-heading-title elementor-size-default\">De lo local a lo universal.<\/h2>\t\t\t\t<\/div>\n\t\t\t\t<\/div>\n\t\t\t\t<div class=\"elementor-element elementor-element-4db6d24 elementor-widget elementor-widget-image-box\" data-id=\"4db6d24\" data-element_type=\"widget\" data-e-type=\"widget\" data-widget_type=\"image-box.default\">\n\t\t\t\t<div class=\"elementor-widget-container\">\n\t\t\t\t\t<div class=\"elementor-image-box-wrapper\"><div class=\"elementor-image-box-content\"><p class=\"elementor-image-box-description\"><ul>\n<li>Naci\u00f3 y creci\u00f3 en Barranquilla, Colombia.\n<br>\n<li>Se traslad\u00f3 a Estados Unidos a los 19 a\u00f1os con un sue\u00f1o.\n<br>\n<li>Ingres\u00f3 en la New York Film Academy y se gradu\u00f3 en el Filmmaking Conservatory Program.\n<br>\n<li>Trabaj\u00f3 en todo tipo de producciones y puestos durante m\u00e1s de 15 a\u00f1os.\n<br>\n<li>Empez\u00f3 a escribir en 2017, tras asistir al seminario STORY de Robert McKee.\n<br>\n<li>Primera pel\u00edcula producida, <b>La Suprema<\/b>, obtuvo la postulaci\u00f3n de Colombia para los premios Oscar y Goya en 2025.\n<br>\n<li>Sigo trabajando para crear historias universales y memorables.<\/ul><\/p><\/div><\/div>\t\t\t\t<\/div>\n\t\t\t\t<\/div>\n\t\t\t\t\t<\/div>\n\t\t<\/div>\n\t\t\t\t\t<\/div>\n\t\t<\/section>\n\t\t\t\t\t<\/div>\n\t\t<\/div>\n\t\t\t\t\t<\/div>\n\t\t<\/section>\n\t\t\t\t<section class=\"elementor-section elementor-top-section elementor-element elementor-element-860364b elementor-section-full_width elementor-section-height-default elementor-section-height-default\" data-id=\"860364b\" data-element_type=\"section\" data-e-type=\"section\">\n\t\t\t\t\t\t<div class=\"elementor-container elementor-column-gap-no\">\n\t\t\t\t\t<div class=\"elementor-column elementor-col-100 elementor-top-column elementor-element elementor-element-809934f\" data-id=\"809934f\" data-element_type=\"column\" data-e-type=\"column\">\n\t\t\t<div class=\"elementor-widget-wrap elementor-element-populated\">\n\t\t\t\t\t\t<section class=\"elementor-section elementor-inner-section elementor-element elementor-element-b98b837 elementor-section-full_width elementor-section-height-default elementor-section-height-default\" data-id=\"b98b837\" data-element_type=\"section\" data-e-type=\"section\">\n\t\t\t\t\t\t<div class=\"elementor-container elementor-column-gap-no\">\n\t\t\t\t\t<div class=\"elementor-column elementor-col-25 elementor-inner-column elementor-element elementor-element-f3a6a59\" data-id=\"f3a6a59\" data-element_type=\"column\" data-e-type=\"column\">\n\t\t\t<div class=\"elementor-widget-wrap elementor-element-populated\">\n\t\t\t\t\t\t<div class=\"elementor-element elementor-element-a37179d elementor-widget elementor-widget-heading\" data-id=\"a37179d\" data-element_type=\"widget\" data-e-type=\"widget\" data-widget_type=\"heading.default\">\n\t\t\t\t<div class=\"elementor-widget-container\">\n\t\t\t\t\t<h6 class=\"elementor-heading-title elementor-size-default\">Sobre Andy<\/h6>\t\t\t\t<\/div>\n\t\t\t\t<\/div>\n\t\t\t\t\t<\/div>\n\t\t<\/div>\n\t\t\t\t<div class=\"elementor-column elementor-col-25 elementor-inner-column elementor-element elementor-element-0751eea\" data-id=\"0751eea\" data-element_type=\"column\" data-e-type=\"column\">\n\t\t\t<div class=\"elementor-widget-wrap elementor-element-populated\">\n\t\t\t\t\t\t<div class=\"elementor-element elementor-element-24a0430 elementor-widget elementor-widget-image\" data-id=\"24a0430\" data-element_type=\"widget\" data-e-type=\"widget\" data-widget_type=\"image.default\">\n\t\t\t\t<div class=\"elementor-widget-container\">\n\t\t\t\t\t\t\t\t\t\t\t\t\t\t\t<img decoding=\"async\" src=\"https:\/\/andysierra.art\/wp-content\/uploads\/2025\/05\/Screenshot-2025-05-21-at-11.25.07\u202fAM-1.png\" title=\"\" alt=\"\" loading=\"lazy\" \/>\t\t\t\t\t\t\t\t\t\t\t\t\t\t\t<\/div>\n\t\t\t\t<\/div>\n\t\t\t\t\t<\/div>\n\t\t<\/div>\n\t\t\t\t<div class=\"elementor-column elementor-col-50 elementor-inner-column elementor-element elementor-element-a0003f0\" data-id=\"a0003f0\" data-element_type=\"column\" data-e-type=\"column\">\n\t\t\t<div class=\"elementor-widget-wrap elementor-element-populated\">\n\t\t\t\t\t\t<div class=\"elementor-element elementor-element-0e8a631 elementor-widget elementor-widget-heading\" data-id=\"0e8a631\" data-element_type=\"widget\" data-e-type=\"widget\" data-widget_type=\"heading.default\">\n\t\t\t\t<div class=\"elementor-widget-container\">\n\t\t\t\t\t<h2 class=\"elementor-heading-title elementor-size-default\">Crear historias impactantes, de lo local a lo universal.<\/h2>\t\t\t\t<\/div>\n\t\t\t\t<\/div>\n\t\t\t\t<div class=\"elementor-element elementor-element-8e0e0c4 elementor-widget elementor-widget-image-box\" data-id=\"8e0e0c4\" data-element_type=\"widget\" data-e-type=\"widget\" data-widget_type=\"image-box.default\">\n\t\t\t\t<div class=\"elementor-widget-container\">\n\t\t\t\t\t<div class=\"elementor-image-box-wrapper\"><div class=\"elementor-image-box-content\"><h5 class=\"elementor-image-box-title\"><i>Andy cree en el poder transformador de las historias. Es una creencia que ha impulsado su diversa carrera, desde el proceso \u00edntimo de la escritura de guiones hasta la direcci\u00f3n de campa\u00f1as comerciales de alto riesgo y el desarrollo de programas de televisi\u00f3n internacionales.<\/i><\/h5><p class=\"elementor-image-box-description\">\n<b>El largometraje que lo cambi\u00f3 todo: Sum\u00e9rjase en La Suprema.<\/b>\n<br>\nLa Suprema, no es s\u00f3lo un proyecto de pasi\u00f3n; es un testimonio del poder de la narraci\u00f3n aut\u00e9ntica. Seleccionada por la Academia Colombiana de Cine para representar al pa\u00eds tanto en los Premios de la Academia como en los Premios Goya 2025, es una historia que realmente reson\u00f3 a nivel mundial.\n<br><br>\nTener la oportunidad de coescribirla y experimentar el proceso del papel a la pantalla enriqueci\u00f3 su carrera en muchos sentidos y le inspir\u00f3 para motivar y apoyar a otros creadores con los mismos sue\u00f1os y metas.\n<br><br>\n<b>M\u00e1s all\u00e1 de la gran pantalla: La narraci\u00f3n comercial:<\/b>\n<br>\nSu experiencia narrativa se expandi\u00f3 r\u00e1pidamente m\u00e1s all\u00e1 del cine tradicional. Como director, ha tenido el privilegio de dar vida a marcas para diversas audiencias en Estados Unidos, Colombia y M\u00e9xico. Esto incluye la direcci\u00f3n de un anuncio de televisi\u00f3n nacional para Lowe's en los Estados Unidos, y la direcci\u00f3n de contenido de marca para programas de televisi\u00f3n populares como 'Bake Off Celebrity M\u00e9xico' y 'Bake Off Celebrity Colombia\".\n<br><br>\n<b>Televisi\u00f3n e innovaci\u00f3n digital:<\/b>\n<br>\nSu trabajo en televisi\u00f3n incluye la escritura y direcci\u00f3n de 'Ad\u00f3ptame', un programa de televisi\u00f3n completo para Warner y Discovery Channel en M\u00e9xico. Esta experiencia ha perfeccionado su capacidad para crear contenidos atractivos de larga duraci\u00f3n, gestionar producciones complejas y adaptar historias a diversas plataformas y grupos demogr\u00e1ficos. Tambi\u00e9n ha producido numerosos v\u00eddeos musicales, cortometrajes y otros contenidos digitales, siempre ampliando los l\u00edmites de la narrativa visual.\n<br><br>\n<b>Esp\u00edritu emprendedor y conocimientos tecnol\u00f3gicos:<\/b>\n<br>\nAunque mi formaci\u00f3n acad\u00e9mica es en cine, mi educaci\u00f3n pr\u00e1ctica se extiende profundamente en el mundo de los negocios en l\u00ednea y la tecnolog\u00eda. Junto con mi hermano, ingeniero superior de software, he fundado y aprendido de m\u00faltiples empresas en l\u00ednea. Esta experiencia pr\u00e1ctica me ha proporcionado una comprensi\u00f3n fundamental de la estrategia digital, la monetizaci\u00f3n en l\u00ednea y el aprovechamiento de la tecnolog\u00eda (incluida la IA) para crear y ampliar empresas.<\/p><\/div><\/div>\t\t\t\t<\/div>\n\t\t\t\t<\/div>\n\t\t\t\t\t<\/div>\n\t\t<\/div>\n\t\t\t\t\t<\/div>\n\t\t<\/section>\n\t\t\t\t<section class=\"elementor-section elementor-inner-section elementor-element elementor-element-78bdf9f elementor-section-full_width elementor-section-height-default elementor-section-height-default\" data-id=\"78bdf9f\" data-element_type=\"section\" data-e-type=\"section\">\n\t\t\t\t\t\t<div class=\"elementor-container elementor-column-gap-no\">\n\t\t\t\t\t<div class=\"elementor-column elementor-col-100 elementor-inner-column elementor-element elementor-element-28d85db\" data-id=\"28d85db\" data-element_type=\"column\" data-e-type=\"column\">\n\t\t\t<div class=\"elementor-widget-wrap elementor-element-populated\">\n\t\t\t\t\t\t<div class=\"elementor-element elementor-element-fc799f5 elementor-widget elementor-widget-heading\" data-id=\"fc799f5\" data-element_type=\"widget\" data-e-type=\"widget\" data-widget_type=\"heading.default\">\n\t\t\t\t<div class=\"elementor-widget-container\">\n\t\t\t\t\t<h3 class=\"elementor-heading-title elementor-size-default\">\"Este viaje me ha ense\u00f1ado valiosas lecciones, no s\u00f3lo en el cine, <br>sino tambi\u00e9n en el papel crucial de la administraci\u00f3n y la planificaci\u00f3n estrat\u00e9gica, <br>algo que ahora aporto a mi trabajo de consultor\u00eda\".\"<br><br>Andy Sierra<\/h3>\t\t\t\t<\/div>\n\t\t\t\t<\/div>\n\t\t\t\t\t<\/div>\n\t\t<\/div>\n\t\t\t\t\t<\/div>\n\t\t<\/section>\n\t\t\t\t<section class=\"elementor-section elementor-inner-section elementor-element elementor-element-3310b9c elementor-section-full_width elementor-section-height-default elementor-section-height-default\" data-id=\"3310b9c\" data-element_type=\"section\" data-e-type=\"section\">\n\t\t\t\t\t\t<div class=\"elementor-container elementor-column-gap-no\">\n\t\t\t\t\t<div class=\"elementor-column elementor-col-50 elementor-inner-column elementor-element elementor-element-17c25fb\" data-id=\"17c25fb\" data-element_type=\"column\" data-e-type=\"column\">\n\t\t\t<div class=\"elementor-widget-wrap elementor-element-populated\">\n\t\t\t\t\t\t<div class=\"elementor-element elementor-element-6c5f749 elementor-widget elementor-widget-heading\" data-id=\"6c5f749\" data-element_type=\"widget\" data-e-type=\"widget\" data-widget_type=\"heading.default\">\n\t\t\t\t<div class=\"elementor-widget-container\">\n\t\t\t\t\t<h6 class=\"elementor-heading-title elementor-size-default\">Pasi\u00f3n y visi\u00f3n<\/h6>\t\t\t\t<\/div>\n\t\t\t\t<\/div>\n\t\t\t\t\t<\/div>\n\t\t<\/div>\n\t\t\t\t<div class=\"elementor-column elementor-col-50 elementor-inner-column elementor-element elementor-element-fcb19b0\" data-id=\"fcb19b0\" data-element_type=\"column\" data-e-type=\"column\">\n\t\t\t<div class=\"elementor-widget-wrap elementor-element-populated\">\n\t\t\t\t\t\t<div class=\"elementor-element elementor-element-9031ac0 elementor-widget elementor-widget-image-box\" data-id=\"9031ac0\" data-element_type=\"widget\" data-e-type=\"widget\" data-widget_type=\"image-box.default\">\n\t\t\t\t<div class=\"elementor-widget-container\">\n\t\t\t\t\t<div class=\"elementor-image-box-wrapper\"><div class=\"elementor-image-box-content\"><p class=\"elementor-image-box-description\">En \u00faltima instancia, tanto si est\u00e1 elaborando un gui\u00f3n como dirigiendo un anuncio o asesorando sobre una idea de negocio en l\u00ednea, su pasi\u00f3n principal sigue siendo la misma: crear, motivar y ayudar a los dem\u00e1s a contar sus mejores historias y alcanzar sus objetivos. Le mueve el deseo de construir una vida de libertad financiera a trav\u00e9s de iniciativas creativas, lo que le permite trabajar y crear desde cualquier lugar.<\/p><\/div><\/div>\t\t\t\t<\/div>\n\t\t\t\t<\/div>\n\t\t\t\t\t<\/div>\n\t\t<\/div>\n\t\t\t\t\t<\/div>\n\t\t<\/section>\n\t\t\t\t\t<\/div>\n\t\t<\/div>\n\t\t\t\t\t<\/div>\n\t\t<\/section>\n\t\t\t\t<\/div>","protected":false},"excerpt":{"rendered":"<p>Sobre Andy Sierra Antecedentes De lo local a lo universal. Nacido y criado en Barranquilla, Colombia. Se traslad\u00f3 a Estados Unidos a los 19 a\u00f1os con un sue\u00f1o. Admitido en la New York Film Academy y graduado del Filmmaking Conservatory Program. Trabaj\u00f3 en todo tipo de producciones y posiciones por m\u00e1s de 15 a\u00f1os. Comenz\u00f3 a escribir en 2017, ...<\/p>\n<p class=\"read-more\"> <a class=\"\" href=\"https:\/\/andysierra.art\/es\/about\/\"> <span class=\"screen-reader-text\">Sobre Andy<\/span> Leer m\u00e1s \u00bb<\/a><\/p>","protected":false},"author":1,"featured_media":0,"parent":0,"menu_order":0,"comment_status":"closed","ping_status":"closed","template":"","meta":{"site-sidebar-layout":"no-sidebar","site-content-layout":"page-builder","ast-global-header-display":"","ast-main-header-display":"","ast-hfb-above-header-display":"","ast-hfb-below-header-display":"","ast-hfb-mobile-header-display":"","site-post-title":"disabled","ast-breadcrumbs-content":"","ast-featured-img":"disabled","footer-sml-layout":"","theme-transparent-header-meta":"enabled","adv-header-id-meta":"","stick-header-meta":"","header-above-stick-meta":"","header-main-stick-meta":"","header-below-stick-meta":"","footnotes":""},"class_list":["post-887","page","type-page","status-publish","hentry"],"_links":{"self":[{"href":"https:\/\/andysierra.art\/es\/wp-json\/wp\/v2\/pages\/887","targetHints":{"allow":["GET"]}}],"collection":[{"href":"https:\/\/andysierra.art\/es\/wp-json\/wp\/v2\/pages"}],"about":[{"href":"https:\/\/andysierra.art\/es\/wp-json\/wp\/v2\/types\/page"}],"author":[{"embeddable":true,"href":"https:\/\/andysierra.art\/es\/wp-json\/wp\/v2\/users\/1"}],"replies":[{"embeddable":true,"href":"https:\/\/andysierra.art\/es\/wp-json\/wp\/v2\/comments?post=887"}],"version-history":[{"count":46,"href":"https:\/\/andysierra.art\/es\/wp-json\/wp\/v2\/pages\/887\/revisions"}],"predecessor-version":[{"id":1969,"href":"https:\/\/andysierra.art\/es\/wp-json\/wp\/v2\/pages\/887\/revisions\/1969"}],"wp:attachment":[{"href":"https:\/\/andysierra.art\/es\/wp-json\/wp\/v2\/media?parent=887"}],"curies":[{"name":"wp","href":"https:\/\/api.w.org\/{rel}","templated":true}]}}